{"id":164,"date":"2024-04-09T06:54:21","date_gmt":"2024-04-09T06:54:21","guid":{"rendered":"https:\/\/clinicajaponesa.com\/?page_id=164"},"modified":"2024-04-09T06:54:23","modified_gmt":"2024-04-09T06:54:23","slug":"moxibustion-2","status":"publish","type":"page","link":"https:\/\/clinicajaponesa.com\/index.php\/moxibustion-2\/","title":{"rendered":"Moxibusti\u00f3n"},"content":{"rendered":"\n<p><strong>Moxibusti\u00f3n:<\/strong> Descripci\u00f3n: La moxibusti\u00f3n es una t\u00e9cnica complementaria de la acupuntura que utiliza calor generado por la combusti\u00f3n de moxa (artemisa) aplicada en puntos de acupuntura espec\u00edficos para estimular la circulaci\u00f3n de energ\u00eda y promover la salud.<\/p>\n\n\n\n<h2 class=\"wp-block-heading\">Beneficios:<\/h2>\n\n\n\n<ol>\n<li>Aumenta la circulaci\u00f3n: el calor generado por la moxibusti\u00f3n mejora el flujo sangu\u00edneo y linf\u00e1tico en \u00e1reas tratadas.<\/li>\n\n\n\n<li>Alivia el dolor: beneficia a personas con dolores musculares, articulares y problemas de circulaci\u00f3n.<\/li>\n\n\n\n<li>Fortalece el sistema inmunol\u00f3gico: ayuda a mejorar las defensas del cuerpo contra enfermedades.<\/li>\n\n\n\n<li>Equilibra el Qi: armoniza la energ\u00eda vital en el cuerpo, favoreciendo el bienestar general.<\/li>\n\n\n\n<li>Promueve la relajaci\u00f3n: el calor y la estimulaci\u00f3n en puntos de acupuntura contribuyen a reducir el estr\u00e9s y la ansiedad.<\/li>\n<\/ol>\n","protected":false},"excerpt":{"rendered":"<p>Moxibusti\u00f3n: Descripci\u00f3n: La moxibusti\u00f3n es una t\u00e9cnica complementaria de la acupuntura que utiliza calor generado por la combusti\u00f3n de moxa (artemisa) aplicada en puntos de acupuntura espec\u00edficos para estimular la &hellip; <\/p>\n","protected":false},"author":1,"featured_media":0,"parent":0,"menu_order":0,"comment_status":"closed","ping_status":"closed","template":"","meta":{"om_disable_all_campaigns":false,"_monsterinsights_skip_tracking":false,"_monsterinsights_sitenote_active":false,"_monsterinsights_sitenote_note":"","_monsterinsights_sitenote_category":0,"footnotes":""},"aioseo_notices":[],"_links":{"self":[{"href":"https:\/\/clinicajaponesa.com\/index.php\/wp-json\/wp\/v2\/pages\/164"}],"collection":[{"href":"https:\/\/clinicajaponesa.com\/index.php\/wp-json\/wp\/v2\/pages"}],"about":[{"href":"https:\/\/clinicajaponesa.com\/index.php\/wp-json\/wp\/v2\/types\/page"}],"author":[{"embeddable":true,"href":"https:\/\/clinicajaponesa.com\/index.php\/wp-json\/wp\/v2\/users\/1"}],"replies":[{"embeddable":true,"href":"https:\/\/clinicajaponesa.com\/index.php\/wp-json\/wp\/v2\/comments?post=164"}],"version-history":[{"count":1,"href":"https:\/\/clinicajaponesa.com\/index.php\/wp-json\/wp\/v2\/pages\/164\/revisions"}],"predecessor-version":[{"id":166,"href":"https:\/\/clinicajaponesa.com\/index.php\/wp-json\/wp\/v2\/pages\/164\/revisions\/166"}],"wp:attachment":[{"href":"https:\/\/clinicajaponesa.com\/index.php\/wp-json\/wp\/v2\/media?parent=164"}],"curies":[{"name":"wp","href":"https:\/\/api.w.org\/{rel}","templated":true}]}}