{"id":161,"date":"2024-04-09T06:53:03","date_gmt":"2024-04-09T06:53:03","guid":{"rendered":"https:\/\/clinicajaponesa.com\/?page_id=161"},"modified":"2024-04-09T06:53:04","modified_gmt":"2024-04-09T06:53:04","slug":"ventosas-2","status":"publish","type":"page","link":"https:\/\/clinicajaponesa.com\/index.php\/ventosas-2\/","title":{"rendered":"Ventosas"},"content":{"rendered":"\n<p><strong>Ventosas:<\/strong> Descripci\u00f3n: La terapia de ventosas es una t\u00e9cnica antigua que utiliza vasos de vidrio o pl\u00e1stico para crear succi\u00f3n en la piel y los tejidos subyacentes, promoviendo la circulaci\u00f3n sangu\u00ednea y el flujo de energ\u00eda en el cuerpo.<\/p>\n\n\n\n<h2 class=\"wp-block-heading\">Beneficios:<\/h2>\n\n\n\n<ol>\n<li>Mejora la circulaci\u00f3n: la succi\u00f3n de las ventosas estimula el flujo sangu\u00edneo y linf\u00e1tico en \u00e1reas tratadas.<\/li>\n\n\n\n<li>Alivio del dolor: beneficia a personas con dolores musculares, tensiones y molestias cr\u00f3nicas.<\/li>\n\n\n\n<li>Eliminaci\u00f3n de toxinas: ayuda a liberar toxinas y desechos metab\u00f3licos del cuerpo.<\/li>\n\n\n\n<li>Promueve la relajaci\u00f3n: el efecto de succi\u00f3n contribuye a reducir la tensi\u00f3n muscular y el estr\u00e9s.<\/li>\n\n\n\n<li>Potencia el sistema inmunol\u00f3gico: estimula la respuesta inmunol\u00f3gica del cuerpo, favoreciendo la salud general.<\/li>\n<\/ol>\n","protected":false},"excerpt":{"rendered":"<p>Ventosas: Descripci\u00f3n: La terapia de ventosas es una t\u00e9cnica antigua que utiliza vasos de vidrio o pl\u00e1stico para crear succi\u00f3n en la piel y los tejidos subyacentes, promoviendo la circulaci\u00f3n &hellip; <\/p>\n","protected":false},"author":1,"featured_media":0,"parent":0,"menu_order":0,"comment_status":"closed","ping_status":"closed","template":"","meta":{"om_disable_all_campaigns":false,"_monsterinsights_skip_tracking":false,"_monsterinsights_sitenote_active":false,"_monsterinsights_sitenote_note":"","_monsterinsights_sitenote_category":0,"footnotes":""},"aioseo_notices":[],"_links":{"self":[{"href":"https:\/\/clinicajaponesa.com\/index.php\/wp-json\/wp\/v2\/pages\/161"}],"collection":[{"href":"https:\/\/clinicajaponesa.com\/index.php\/wp-json\/wp\/v2\/pages"}],"about":[{"href":"https:\/\/clinicajaponesa.com\/index.php\/wp-json\/wp\/v2\/types\/page"}],"author":[{"embeddable":true,"href":"https:\/\/clinicajaponesa.com\/index.php\/wp-json\/wp\/v2\/users\/1"}],"replies":[{"embeddable":true,"href":"https:\/\/clinicajaponesa.com\/index.php\/wp-json\/wp\/v2\/comments?post=161"}],"version-history":[{"count":1,"href":"https:\/\/clinicajaponesa.com\/index.php\/wp-json\/wp\/v2\/pages\/161\/revisions"}],"predecessor-version":[{"id":163,"href":"https:\/\/clinicajaponesa.com\/index.php\/wp-json\/wp\/v2\/pages\/161\/revisions\/163"}],"wp:attachment":[{"href":"https:\/\/clinicajaponesa.com\/index.php\/wp-json\/wp\/v2\/media?parent=161"}],"curies":[{"name":"wp","href":"https:\/\/api.w.org\/{rel}","templated":true}]}}